{"id":5808,"date":"2026-01-31T08:32:09","date_gmt":"2026-01-31T08:32:09","guid":{"rendered":"https:\/\/sooditalulilled.ee\/?post_type=product&#038;p=5808"},"modified":"2026-04-02T06:38:14","modified_gmt":"2026-04-02T06:38:14","slug":"pruudisolg-benarys-giant-white-saabumas-veebruaris","status":"publish","type":"product","link":"https:\/\/sooditalulilled.ee\/en\/product\/pruudisolg-benarys-giant-white-saabumas-veebruaris\/","title":{"rendered":"Pruudis\u00f5lg &#8216;Benary&#8217;s Giant White&#8217;"},"content":{"rendered":"<p data-start=\"0\" data-end=\"413\"><strong data-start=\"0\" data-end=\"54\">Pruudis\u00f5lg \u2018Benary\u2019s Giant White\u2019 <em>(Zinnia elegans)<\/em><\/strong> on ajatu ja v\u00e4\u00e4rikas suvelill, mille suured, lumivalged \u00f5ied m\u00f5juvad puhta ja rahustava aktsendina igas istutuses. Selle tihedalt t\u00e4idetud kroonlehed moodustavad t\u00e4iusliku, s\u00fcmmeetrilise \u00f5ie, mille hele toon p\u00fc\u00fcab valgust ning lisab peenrale \u00f5hulisust ja selgust. Valge ei ole siin pelgalt v\u00e4rv \u2013 see on ruum, hingamispaus ja tasakaal v\u00e4rvik\u00fcllases suveaias.<\/p>\n<p data-start=\"415\" data-end=\"773\">\u2018Benary\u2019s Giant White\u2019 kuulub hinnatud Benary\u2019s Giant sarja, mida tuntakse eriti suurte, ilmastikukindlate ja kauap\u00fcsivate \u00f5ite poolest. Tugevad ja sirged varred hoiavad massiivseid \u00f5isi kindlalt p\u00fcsti ning teevad sellest sordist suurep\u00e4rase l\u00f5ikelille. Vaasis p\u00fcsib ta kaua v\u00e4rske ja vormika, sobitudes nii minimalistlikesse kui ka k\u00fclluslikesse kimpudesse.<\/p>\n<p data-start=\"775\" data-end=\"1117\">Peenras toimib \u2018Benary\u2019s Giant White\u2019 siduva ja helendava elemendina. Ta tasakaalustab erksaid roosasid, punaseid ja oran\u017ee toone ning toob s\u00fcgavamate lillade ja burgundipunaste k\u00f5rvale kontrastset selgust. Koos pastellsete suvelilledega loob ta romantilise ja \u00f5rna \u00fcldmulje, tugevamate v\u00e4rvide k\u00f5rval aga m\u00f5jub ta suursuguselt ja pidulikult.<\/p>\n<p data-start=\"1119\" data-end=\"1350\" data-is-last-node=\"\" data-is-only-node=\"\">See on sort neile, kes hindavad klassikalist ilu ja suurt vormi. \u2018Benary\u2019s Giant White\u2019 ei vaja liigset t\u00e4helepanu p\u00fc\u00fcdvaid toone \u2013 tema m\u00f5ju seisneb puhtuses, elegantsis ja rikkalikus \u00f5itsemises, mis j\u00e4\u00e4b silma igast vaatenurgast.<\/p>\n<p data-start=\"1020\" data-end=\"1156\" data-is-last-node=\"\" data-is-only-node=\"\">\n<p>&nbsp;<\/p>\n<p><strong>KASVATAMINE<em>\u00a0(soovituslik)<\/em>:<\/strong><\/p>\n<p>Ettekasvatus: k\u00fclva 4-6 n\u00e4dalat enne \u00f5ue istutamist. Istuta \u00f5ue alles p\u00e4rast \u00f6\u00f6k\u00fclmaohu m\u00f6\u00f6dumist \u2013 noortaimed ei talu miinuskraade! (Soovituslik kallimate sortide puhul v\u00f5i kui on oht, et maapind v\u00f5ib olla liigniiske. Siis seemned ei pruugi idaneda!)<\/p>\n<p>Otsek\u00fclv: k\u00fclva otse peenrasse p\u00e4rast \u00f6\u00f6k\u00fclmaohu m\u00f6\u00f6dumist.<\/p>\n<p>N\u00e4pista latv, kui taim on 20-30 cm k\u00f5rgune v\u00f5i kui taimel on juba 3-4 paari p\u00e4rislehti \u2013 see innustab taime kasvatama k\u00fclgharusid ja nii saad rohkem \u00f5isi \u00fchelt taimelt.<\/p>\n<p>\u00d5ige aeg \u00f5ie l\u00f5ikamiseks on siis, kui \u00f5ievart raputades on vars j\u00e4ik ja p\u00fcsib p\u00fcsti (<em>wiggle test)<\/em>. Mida rohkem \u00f5isi l\u00f5ikad, seda rohkem \u00f5isi taim Sulle kasvatab!<\/p>","protected":false},"excerpt":{"rendered":"<p><em>Zinnia elegans<\/em><\/p>\n<p>Taime k\u00f5rgus: 60-90 cm<\/p>\n<p>Idanemine: 5-7 p\u00e4eva, 21-24C juures<\/p>\n<p>K\u00fclvist \u00f5itsemiseni: 75-90 p\u00e4eva<\/p>\n<p>Vaasiiga: ~7 p\u00e4eva<\/p>","protected":false},"featured_media":5811,"template":"","meta":{"om_disable_all_campaigns":false,"_monsterinsights_skip_tracking":false,"_monsterinsights_sitenote_active":false,"_monsterinsights_sitenote_note":"","_monsterinsights_sitenote_category":0},"product_brand":[],"product_cat":[67],"product_tag":[],"class_list":{"0":"post-5808","1":"product","2":"type-product","3":"status-publish","4":"has-post-thumbnail","6":"product_cat-pruudisoled","8":"first","9":"instock","10":"shipping-taxable","11":"purchasable","12":"product-type-variable"},"aioseo_notices":[],"jetpack_sharing_enabled":true,"_links":{"self":[{"href":"https:\/\/sooditalulilled.ee\/en\/wp-json\/wp\/v2\/product\/5808","targetHints":{"allow":["GET"]}}],"collection":[{"href":"https:\/\/sooditalulilled.ee\/en\/wp-json\/wp\/v2\/product"}],"about":[{"href":"https:\/\/sooditalulilled.ee\/en\/wp-json\/wp\/v2\/types\/product"}],"wp:featuredmedia":[{"embeddable":true,"href":"https:\/\/sooditalulilled.ee\/en\/wp-json\/wp\/v2\/media\/5811"}],"wp:attachment":[{"href":"https:\/\/sooditalulilled.ee\/en\/wp-json\/wp\/v2\/media?parent=5808"}],"wp:term":[{"taxonomy":"product_brand","embeddable":true,"href":"https:\/\/sooditalulilled.ee\/en\/wp-json\/wp\/v2\/product_brand?post=5808"},{"taxonomy":"product_cat","embeddable":true,"href":"https:\/\/sooditalulilled.ee\/en\/wp-json\/wp\/v2\/product_cat?post=5808"},{"taxonomy":"product_tag","embeddable":true,"href":"https:\/\/sooditalulilled.ee\/en\/wp-json\/wp\/v2\/product_tag?post=5808"}],"curies":[{"name":"wp","href":"https:\/\/api.w.org\/{rel}","templated":true}]}}