{"id":5870,"date":"2026-02-03T08:40:28","date_gmt":"2026-02-03T08:40:28","guid":{"rendered":"https:\/\/sooditalulilled.ee\/?post_type=product&#038;p=5870"},"modified":"2026-03-15T17:46:42","modified_gmt":"2026-03-15T17:46:42","slug":"rukkilill-pinkie","status":"publish","type":"product","link":"https:\/\/sooditalulilled.ee\/en\/product\/rukkilill-pinkie\/","title":{"rendered":"Rukkilill &#8216;Pinkie&#8217;"},"content":{"rendered":"<p data-start=\"76\" data-end=\"373\"><strong data-start=\"76\" data-end=\"117\">Rukkilill \u2018Pinkie\u2019 <em>(Centaurea cyanus)<\/em><\/strong> on m\u00e4ngulise ja pehme tooniga suvelill, mille roosad \u00f5ied toovad peenrasse soojust ja naiselikku kergust. Tema siidised, kergelt sakiliste servadega kroonlehed moodustavad \u00f5hulise ja romantilise terviku, mis meenutab suvist heinamaad \u00f5htup\u00e4ikese valguses.<\/p>\n<p data-start=\"375\" data-end=\"635\">\u2018Pinkie\u2019 \u00fchendab klassikalise rukkilille loodusliku ilu \u00f5rna roosa varjundiga, mis sobib suurep\u00e4raselt nii pastellsete kui ka valgete ja lillade toonidega koos kasvama. Tulemuseks on pehme ja harmooniline istutus, kus v\u00e4rvid sulanduvad loomulikult \u00fcksteisesse.<\/p>\n<p data-start=\"637\" data-end=\"900\">\u00d5itsemine on rikkalik ja kestab kogu suve, tuues aeda r\u00f5\u00f5msat v\u00e4rvi ning meelitades ligi tolmeldajaid. Pikad ja tugevad varred teevad \u2018Pinkie\u2019st suurep\u00e4rase l\u00f5ikelille \u2013 tema \u00f5ied sobivad imeh\u00e4sti romantilistesse suvekimpudesse ja loodusl\u00e4hedastesse seadetesesse.<\/p>\n<p data-start=\"902\" data-end=\"1051\">V\u00e4hen\u00f5udlik ja kergesti kasvatatav, sobib see sort h\u00e4sti ka algajale aednikule. Sageli k\u00fclvab taim end ise, r\u00f5\u00f5mustades j\u00e4rgmisel aastal uute \u00f5itega.<\/p>\n<p data-start=\"1053\" data-end=\"1263\">\u2018Pinkie\u2019 on ideaalne valik neile, kes armastavad \u00f5rna, romantilist ja veidi nostalgilist aiastiili. Tema pehme roosa toon loob peenrasse sooja ja helge meeleolu, mis m\u00f5jub korraga nii \u00f5rnalt kui ka elur\u00f5\u00f5msalt.<\/p>\n<p data-start=\"1095\" data-end=\"1293\">\n<p data-start=\"1036\" data-end=\"1210\">\n<p data-start=\"1020\" data-end=\"1156\" data-is-last-node=\"\" data-is-only-node=\"\">\n<p>&nbsp;<\/p>\n<p><strong>KASVATAMINE<em>\u00a0(soovituslik)<\/em>:<\/strong><\/p>\n<p>Otsek\u00fclv: kuna taimed taluvad halvasti \u00fcmberistutamist, on soovitatav k\u00fclvata s\u00fcgisel v\u00f5i varakevadel otse peenrasse.<\/p>\n<p>Ettekasvatus: k\u00fclva 3-4 n\u00e4dalat enne \u00f5ue istutamist. Istuta taimed \u00f5ue, eelnevalt karastades, kui muld on soojenenud. K\u00fclvates kata seemned mullaga v\u00f5i aseta idanemise ajaks t\u00e4iesti pimedasse ruumi &#8211; seemned vajavad idanemiseks pimedust!<\/p>\n<p>\u00d5ige aeg \u00f5ie l\u00f5ikamiseks on, umbes pool \u00f5iest on avanenud. Kui l\u00f5ikad \u00f5ievarre, millel on mitu \u00f5it, oota, kuni v\u00e4hemalt pooled \u00f5itest on avanenud.<\/p>","protected":false},"excerpt":{"rendered":"<p class=\"lk7499ae_ProductDetail_productDetailLatinName\"><em>Centaurea cyanus<\/em><\/p>\n<p>Taime k\u00f5rgus: 60-80 cm<\/p>\n<p>Idanemine: 5-10 p\u00e4eva, 15-18C juures<\/p>\n<p>K\u00fclvist \u00f5itsemiseni: 65-80 p\u00e4eva<\/p>\n<p>Vaasiiga: ~7 p\u00e4eva<\/p>","protected":false},"featured_media":5873,"template":"","meta":{"om_disable_all_campaigns":false,"_monsterinsights_skip_tracking":false,"_monsterinsights_sitenote_active":false,"_monsterinsights_sitenote_note":"","_monsterinsights_sitenote_category":0},"product_brand":[],"product_cat":[105],"product_tag":[],"class_list":{"0":"post-5870","1":"product","2":"type-product","3":"status-publish","4":"has-post-thumbnail","6":"product_cat-rukkililled","8":"first","9":"instock","10":"shipping-taxable","11":"purchasable","12":"product-type-variable"},"aioseo_notices":[],"jetpack_sharing_enabled":true,"_links":{"self":[{"href":"https:\/\/sooditalulilled.ee\/en\/wp-json\/wp\/v2\/product\/5870","targetHints":{"allow":["GET"]}}],"collection":[{"href":"https:\/\/sooditalulilled.ee\/en\/wp-json\/wp\/v2\/product"}],"about":[{"href":"https:\/\/sooditalulilled.ee\/en\/wp-json\/wp\/v2\/types\/product"}],"wp:featuredmedia":[{"embeddable":true,"href":"https:\/\/sooditalulilled.ee\/en\/wp-json\/wp\/v2\/media\/5873"}],"wp:attachment":[{"href":"https:\/\/sooditalulilled.ee\/en\/wp-json\/wp\/v2\/media?parent=5870"}],"wp:term":[{"taxonomy":"product_brand","embeddable":true,"href":"https:\/\/sooditalulilled.ee\/en\/wp-json\/wp\/v2\/product_brand?post=5870"},{"taxonomy":"product_cat","embeddable":true,"href":"https:\/\/sooditalulilled.ee\/en\/wp-json\/wp\/v2\/product_cat?post=5870"},{"taxonomy":"product_tag","embeddable":true,"href":"https:\/\/sooditalulilled.ee\/en\/wp-json\/wp\/v2\/product_tag?post=5870"}],"curies":[{"name":"wp","href":"https:\/\/api.w.org\/{rel}","templated":true}]}}