{"id":5878,"date":"2026-02-03T08:43:32","date_gmt":"2026-02-03T08:43:32","guid":{"rendered":"https:\/\/sooditalulilled.ee\/?post_type=product&#038;p=5878"},"modified":"2026-04-02T16:11:14","modified_gmt":"2026-04-02T16:11:14","slug":"pruudisolg-zinderella-peach-saabumas-veebruaris","status":"publish","type":"product","link":"https:\/\/sooditalulilled.ee\/en\/product\/pruudisolg-zinderella-peach-saabumas-veebruaris\/","title":{"rendered":"Pruudis\u00f5lg &#8216;Zinderella Peach&#8217;"},"content":{"rendered":"<p data-start=\"81\" data-end=\"340\"><strong data-start=\"81\" data-end=\"131\">Pruudis\u00f5lg \u2018Zinderella Peach\u2019 <em>(Zinnia elegans)<\/em><\/strong> on t\u00f5eliselt eriline ja pilkup\u00fc\u00fcdev suvelill, mille \u00f5ied meenutavad v\u00e4ikeseid pitsilisi rosette. Tema pehme virsikuroosa toon loob aeda sooja ja romantilise meeleolu \u2013 justkui suvine p\u00e4ikeseloojang lille\u00f5ies.<\/p>\n<p data-start=\"342\" data-end=\"625\">\u2018Zinderella Peach\u2019 eristub klassikalistest pruudis\u00f5lgedest oma poolt\u00e4idis- kuni t\u00e4idis\u00f5itega, mille keskel on tihe ja \u00f5rnalt kurruline s\u00fcdamik. See annab lillele pehme, peaaegu nostalgilise ilme. \u00d5ied on \u00f5hulised, kuid samas rikkalikud, tuues peenrasse nii struktuuri kui ka pehmust.<\/p>\n<p data-start=\"627\" data-end=\"950\">See sort \u00f5itseb pikalt ja heldelt, pakkudes kauneid l\u00f5ike\u00f5isi kogu suve v\u00e4ltel. Tema tugevad varred ja hea vastupidavus teevad temast suurep\u00e4rase valiku nii lillepeenrasse kui ka l\u00f5ikelillepeenrasse. Kimpudes m\u00f5jub \u2018Zinderella Peach\u2019 eriti romantiliselt, sobitudes imeh\u00e4sti nii valgete, roosade kui ka s\u00fcgavamate toonidega.<\/p>\n<p data-start=\"952\" data-end=\"1156\">\u2018Zinderella Peach\u2019 on ideaalne neile, kes armastavad \u00f5rnu, kuid iseloomuga \u00f5isi. Tema virsikuroosa varjund lisab istutusalale soojust ja elegantsi, tuues kompositsiooni helgust ning peent naiselikku v\u00f5lu.<\/p>\n<p data-start=\"1158\" data-end=\"1285\">Tema ilu peitub detailides \u2013 pitsiline s\u00fcdamik, pehme toon ja rikkalik \u00f5itsemine loovad aeda lummava ja ajatult kauni meeleolu.<\/p>\n<p>&nbsp;<\/p>\n<p><strong>KASVATAMINE<em>\u00a0(soovituslik)<\/em>:<\/strong><\/p>\n<p>Ettekasvatus: k\u00fclva 4-6 n\u00e4dalat enne \u00f5ue istutamist. Istuta \u00f5ue alles p\u00e4rast \u00f6\u00f6k\u00fclmaohu m\u00f6\u00f6dumist \u2013 noortaimed ei talu miinuskraade! (Soovituslik kallimate sortide puhul v\u00f5i kui on oht, et maapind v\u00f5ib olla liigniiske. Siis seemned ei pruugi idaneda!)<\/p>\n<p>Otsek\u00fclv: k\u00fclva otse peenrasse p\u00e4rast \u00f6\u00f6k\u00fclmaohu m\u00f6\u00f6dumist.<\/p>\n<p>N\u00e4pista latv, kui taim on 20-30 cm k\u00f5rgune v\u00f5i kui taimel on juba 3-4 paari p\u00e4rislehti \u2013 see innustab taime kasvatama k\u00fclgharusid ja nii saad rohkem \u00f5isi \u00fchelt taimelt.<\/p>\n<p>\u00d5ige aeg \u00f5ie l\u00f5ikamiseks on siis, kui \u00f5ievart raputades on vars j\u00e4ik ja p\u00fcsib p\u00fcsti (<em>wiggle test)<\/em>. Mida rohkem \u00f5isi l\u00f5ikad, seda rohkem \u00f5isi taim Sulle kasvatab!<\/p>","protected":false},"excerpt":{"rendered":"<p><em>Zinnia elegans<\/em><\/p>\n<p>Taime k\u00f5rgus: 60-90 cm<\/p>\n<p>Idanemine: 5-7 p\u00e4eva, 21-24C juures<\/p>\n<p>K\u00fclvist \u00f5itsemiseni: 75-90 p\u00e4eva<\/p>\n<p>Vaasiiga: ~7 p\u00e4eva<\/p>","protected":false},"featured_media":5881,"template":"","meta":{"om_disable_all_campaigns":false,"_monsterinsights_skip_tracking":false,"_monsterinsights_sitenote_active":false,"_monsterinsights_sitenote_note":"","_monsterinsights_sitenote_category":0},"product_brand":[],"product_cat":[67],"product_tag":[],"class_list":{"0":"post-5878","1":"product","2":"type-product","3":"status-publish","4":"has-post-thumbnail","6":"product_cat-pruudisoled","8":"first","9":"instock","10":"shipping-taxable","11":"purchasable","12":"product-type-variable"},"aioseo_notices":[],"jetpack_sharing_enabled":true,"_links":{"self":[{"href":"https:\/\/sooditalulilled.ee\/en\/wp-json\/wp\/v2\/product\/5878","targetHints":{"allow":["GET"]}}],"collection":[{"href":"https:\/\/sooditalulilled.ee\/en\/wp-json\/wp\/v2\/product"}],"about":[{"href":"https:\/\/sooditalulilled.ee\/en\/wp-json\/wp\/v2\/types\/product"}],"wp:featuredmedia":[{"embeddable":true,"href":"https:\/\/sooditalulilled.ee\/en\/wp-json\/wp\/v2\/media\/5881"}],"wp:attachment":[{"href":"https:\/\/sooditalulilled.ee\/en\/wp-json\/wp\/v2\/media?parent=5878"}],"wp:term":[{"taxonomy":"product_brand","embeddable":true,"href":"https:\/\/sooditalulilled.ee\/en\/wp-json\/wp\/v2\/product_brand?post=5878"},{"taxonomy":"product_cat","embeddable":true,"href":"https:\/\/sooditalulilled.ee\/en\/wp-json\/wp\/v2\/product_cat?post=5878"},{"taxonomy":"product_tag","embeddable":true,"href":"https:\/\/sooditalulilled.ee\/en\/wp-json\/wp\/v2\/product_tag?post=5878"}],"curies":[{"name":"wp","href":"https:\/\/api.w.org\/{rel}","templated":true}]}}