{"id":6072,"date":"2026-02-13T17:21:54","date_gmt":"2026-02-13T17:21:54","guid":{"rendered":"https:\/\/sooditalulilled.ee\/?post_type=product&#038;p=6072"},"modified":"2026-03-28T13:43:14","modified_gmt":"2026-03-28T13:43:14","slug":"pold-litterhein-thlaspi-arvense","status":"publish","type":"product","link":"https:\/\/sooditalulilled.ee\/en\/product\/pold-litterhein-thlaspi-arvense\/","title":{"rendered":"P\u00f5ld-litterhein (Thlaspi arvense)"},"content":{"rendered":"<p data-start=\"79\" data-end=\"382\">Paljudele aia- ja p\u00f5llupidajatele umbrohi, kuid l\u00f5ikelillekasvatajatele v\u00e4\u00e4rtuslik kimburoheline, mida on ideaalne kasutada nii v\u00e4rsketes kui ka kuivkimpudes ja seadetes.<\/p>\n<p data-start=\"79\" data-end=\"382\"><strong data-start=\"79\" data-end=\"116\">P\u00f5ld-litterhein <em>(Thlaspi arvense)<\/em><\/strong> on tagasihoidliku, kuid iseloomuliku ilmega taim, mille v\u00f5lu peitub lihtsuses ja loomulikus vormis. Tema v\u00e4ikesed valged \u00f5ied avanevad kergetes \u00f5isikutes ning annavad hiljem teed dekoratiivsetele, lapikutele seemnekupardele, mis meenutavad tillukesi h\u00f5bedasi m\u00fcnte.<\/p>\n<p data-start=\"384\" data-end=\"661\">\u00d5itsemise ajal m\u00f5jub p\u00f5ld-litterhein \u00f5huliselt ja pehmelt, sobitudes suurep\u00e4raselt loodusl\u00e4hedastesse istutustesse. Hiljem muutuvad just seemnekuprad taime peamiseks ehteks \u2013 need lisavad peenrasse struktuuri ja huvitavat tekstuuri ning sobivad suurep\u00e4raselt ka kuivseadetesse.<\/p>\n<p data-start=\"663\" data-end=\"947\">See taim toob aeda kerge metsiku niidu meeleolu. Ta sobib h\u00e4sti segapeenrasse, looduslike koosluste vahele v\u00f5i t\u00e4itma t\u00fchimikke k\u00f5rgemate \u00f5itsejate vahel. Tema heleroheline lehestik ja tagasihoidlik \u00f5itsemine loovad rahuliku ja tasakaalustatud tausta v\u00e4rvik\u00fcllasematele suvelilledele.<\/p>\n<p data-start=\"949\" data-end=\"1146\">P\u00f5ld-litterhein on v\u00e4hen\u00f5udlik ja kohanemisv\u00f5imeline, sobides h\u00e4sti ka lihtsamatesse kasvutingimustesse. Tema loomulik ja veidi rustikaalne ilu m\u00f5jub ajatult ning toob aeda kerget, p\u00f5hjamaist v\u00f5lu.<\/p>\n<p data-start=\"949\" data-end=\"1146\">Pane t\u00e4hele, et lastes p\u00f5ld-litterheina seemnetel valmida, teeb taim isek\u00fclvi. Seemned v\u00f5ivad mullas p\u00fcsida aastaid eluj\u00f5ulisena ning hiljem v\u00f5ib olla keeruline sellest taimest vabaneda. Parim on koristada veel roheliste seemnekupardega varred ning kasutada neid v\u00e4rsketes kimpudes v\u00f5i kuivatada.<\/p>","protected":false},"excerpt":{"rendered":"<p><em>Thlapsi arvense<\/em><\/p>\n<p>Taime k\u00f5rgus: ~60-100 cm<\/p>\n<p>Idanemine:<\/p>\n<p>K\u00fclvist \u00f5itsemiseni:<\/p>\n<p>Vaasiiga:<\/p>","protected":false},"featured_media":6075,"template":"","meta":{"om_disable_all_campaigns":false,"_monsterinsights_skip_tracking":false,"_monsterinsights_sitenote_active":false,"_monsterinsights_sitenote_note":"","_monsterinsights_sitenote_category":0},"product_brand":[],"product_cat":[106,139],"product_tag":[],"class_list":{"0":"post-6072","1":"product","2":"type-product","3":"status-publish","4":"has-post-thumbnail","6":"product_cat-korrelised","7":"product_cat-rohelus-taitelilled","9":"first","10":"instock","11":"shipping-taxable","12":"purchasable","13":"product-type-variable"},"aioseo_notices":[],"jetpack_sharing_enabled":true,"_links":{"self":[{"href":"https:\/\/sooditalulilled.ee\/en\/wp-json\/wp\/v2\/product\/6072","targetHints":{"allow":["GET"]}}],"collection":[{"href":"https:\/\/sooditalulilled.ee\/en\/wp-json\/wp\/v2\/product"}],"about":[{"href":"https:\/\/sooditalulilled.ee\/en\/wp-json\/wp\/v2\/types\/product"}],"wp:featuredmedia":[{"embeddable":true,"href":"https:\/\/sooditalulilled.ee\/en\/wp-json\/wp\/v2\/media\/6075"}],"wp:attachment":[{"href":"https:\/\/sooditalulilled.ee\/en\/wp-json\/wp\/v2\/media?parent=6072"}],"wp:term":[{"taxonomy":"product_brand","embeddable":true,"href":"https:\/\/sooditalulilled.ee\/en\/wp-json\/wp\/v2\/product_brand?post=6072"},{"taxonomy":"product_cat","embeddable":true,"href":"https:\/\/sooditalulilled.ee\/en\/wp-json\/wp\/v2\/product_cat?post=6072"},{"taxonomy":"product_tag","embeddable":true,"href":"https:\/\/sooditalulilled.ee\/en\/wp-json\/wp\/v2\/product_tag?post=6072"}],"curies":[{"name":"wp","href":"https:\/\/api.w.org\/{rel}","templated":true}]}}