{"id":6095,"date":"2026-02-15T08:07:18","date_gmt":"2026-02-15T08:07:18","guid":{"rendered":"https:\/\/sooditalulilled.ee\/?post_type=product&#038;p=6095"},"modified":"2026-03-20T05:27:16","modified_gmt":"2026-03-20T05:27:16","slug":"anemoon-mistral-plus-panda-2-3","status":"publish","type":"product","link":"https:\/\/sooditalulilled.ee\/en\/product\/anemoon-mistral-plus-panda-2-3\/","title":{"rendered":"Anemoon Mistral Plus\u00ae &#8216;Panda&#8217; 2\/3"},"content":{"rendered":"<p data-start=\"0\" data-end=\"344\"><strong data-start=\"0\" data-end=\"52\">Anemoon <em data-start=\"10\" data-end=\"30\">Mistral Plus Panda<\/em> (Anemone coronaria)<\/strong> on pilkup\u00fc\u00fcdev ja elegantne l\u00f5ikelill, mille lumivalged kroonlehed ning kontrastne tume s\u00fcdamik loovad modernse, kuid samas ajatult romantilise mulje. Selge ja graafiline v\u00e4rvim\u00e4ng annab kimpudele s\u00fcgavuse ning sobib suurep\u00e4raselt nii minimalistlikesse kui ka lopsakamatesse lilleseadetesse.<\/p>\n<p data-start=\"346\" data-end=\"637\">Tugevad, sirged varred ja kvaliteetsed suured \u00f5ied teevad <em data-start=\"404\" data-end=\"424\">Mistral Plus Panda<\/em> sordist hinnatud materjali pulmakimpudesse, pidulikesse seadetesesse ning kevadistesse vaasikompositsioonidesse. \u00d5ied avanevad j\u00e4rk-j\u00e4rgult, pakkudes pikemat vaasiilu ning muutes kimbu iga p\u00e4evaga aina kaunimaks.<\/p>\n<p data-start=\"639\" data-end=\"901\"><em data-start=\"639\" data-end=\"653\">Mistral Plus<\/em> seeria on aretatud professionaalseks l\u00f5ikelillekasvatuseks \u2013 taimed annavad \u00fchtlase k\u00f5rgusega varred ja rohkelt kvaliteetseid \u00f5isi. Jahedamat kevadet h\u00e4sti taluv sort alustab \u00f5itsemist varakult ning sobib kasvatamiseks nii avamaal kui ka tunnelis.<\/p>\n<p data-start=\"903\" data-end=\"1124\">T\u00e4nu oma kontrastsele v\u00e4rvile sobib <em data-start=\"939\" data-end=\"946\">Panda<\/em> suurep\u00e4raselt kombineerimiseks pastellsete kevadlillede, \u00f5rnade roheliste lisandite v\u00f5i hoopis tumedamate toonidega, lisades igale seadele selge fookuspunkti ja elegantse joone.<\/p>\n<p data-start=\"1126\" data-end=\"1325\" data-is-last-node=\"\" data-is-only-node=\"\"><em data-start=\"1126\" data-end=\"1154\">Anemoon Mistral Plus Panda<\/em> on ideaalne valik neile, kes otsivad efektset, kauap\u00fcsivat ja professionaalse kvaliteediga l\u00f5ikelille, mis sobib nii romantilistesse kui ka modernsetesse lilleseadetesse.<\/p>","protected":false},"excerpt":{"rendered":"<p>Mugula suurus: 2\/3<\/p>\n<p>K\u00f5rgus: 20-45 cm<\/p>\n<p>\u00d5itsemisaeg: mai-juuli<\/p>\n<p><em>PS! Soovitatav valida tarne SmartPosti automaati!<\/em><\/p>","protected":false},"featured_media":3772,"template":"","meta":{"om_disable_all_campaigns":false,"_monsterinsights_skip_tracking":false,"_monsterinsights_sitenote_active":false,"_monsterinsights_sitenote_note":"","_monsterinsights_sitenote_category":0},"product_brand":[],"product_cat":[117,119],"product_tag":[],"class_list":{"0":"post-6095","1":"product","2":"type-product","3":"status-publish","4":"has-post-thumbnail","6":"product_cat-kevadlilled","7":"product_cat-anemoonid","9":"first","10":"outofstock","11":"shipping-taxable","12":"purchasable","13":"product-type-variable"},"aioseo_notices":[],"jetpack_sharing_enabled":true,"_links":{"self":[{"href":"https:\/\/sooditalulilled.ee\/en\/wp-json\/wp\/v2\/product\/6095","targetHints":{"allow":["GET"]}}],"collection":[{"href":"https:\/\/sooditalulilled.ee\/en\/wp-json\/wp\/v2\/product"}],"about":[{"href":"https:\/\/sooditalulilled.ee\/en\/wp-json\/wp\/v2\/types\/product"}],"wp:featuredmedia":[{"embeddable":true,"href":"https:\/\/sooditalulilled.ee\/en\/wp-json\/wp\/v2\/media\/3772"}],"wp:attachment":[{"href":"https:\/\/sooditalulilled.ee\/en\/wp-json\/wp\/v2\/media?parent=6095"}],"wp:term":[{"taxonomy":"product_brand","embeddable":true,"href":"https:\/\/sooditalulilled.ee\/en\/wp-json\/wp\/v2\/product_brand?post=6095"},{"taxonomy":"product_cat","embeddable":true,"href":"https:\/\/sooditalulilled.ee\/en\/wp-json\/wp\/v2\/product_cat?post=6095"},{"taxonomy":"product_tag","embeddable":true,"href":"https:\/\/sooditalulilled.ee\/en\/wp-json\/wp\/v2\/product_tag?post=6095"}],"curies":[{"name":"wp","href":"https:\/\/api.w.org\/{rel}","templated":true}]}}