{"id":6102,"date":"2026-02-15T08:21:26","date_gmt":"2026-02-15T08:21:26","guid":{"rendered":"https:\/\/sooditalulilled.ee\/?post_type=product&#038;p=6102"},"modified":"2026-03-19T20:25:21","modified_gmt":"2026-03-19T20:25:21","slug":"aasia-tulikas-aviv-white","status":"publish","type":"product","link":"https:\/\/sooditalulilled.ee\/en\/product\/aasia-tulikas-aviv-white\/","title":{"rendered":"Aasia tulikas &#8216;Aviv White&#8217; 7+"},"content":{"rendered":"<p data-start=\"0\" data-end=\"273\"><strong data-start=\"0\" data-end=\"53\">Aasia tulikas Aviv White <em>(Ranunculus asiaticus)<\/em><\/strong> on s\u00e4rav ja lumivalge l\u00f5ikelill, mille tihedalt kihilised kroonlehed moodustavad t\u00e4iusliku, roosilaadse \u00f5ie. Selle puhas toon m\u00f5jub korraga nii v\u00e4rske kui luksuslikuna ning toob igasse kimpu helgust ja peenet elegantsi.<\/p>\n<p data-start=\"275\" data-end=\"530\">Tugevad, sirged varred ja suured \u00f5ied teevad <em data-start=\"320\" data-end=\"332\">Aviv White<\/em> sordist hinnatud materjali pulmakimpudesse, pidulikesse lauaseadetesse ja minimalistlikesse vaasikimpudesse. \u00d5ied avanevad aeglaselt kiht-kihilt, pakkudes pikalt muutuvat ilu ja head vaasip\u00fcsivust.<\/p>\n<p data-start=\"532\" data-end=\"827\"><em data-start=\"532\" data-end=\"538\">Aviv<\/em> seeria tulikad on aretatud professionaalseks l\u00f5ikelillekasvatuseks \u2013 taimed annavad \u00fchtlase kvaliteediga varsi ja rikkaliku \u00f5itsemise. Varakevadine \u00f5itsemine teeb neist hinnatud hooaja alguse l\u00f5ikelilled ning jahedamad kasvutingimused aitavad saavutada eriti tugevaid varsi ja suuri \u00f5isi.<\/p>\n<p data-start=\"829\" data-end=\"1029\">Oma klassikalise valge v\u00e4rviga sobib <em data-start=\"866\" data-end=\"878\">Aviv White<\/em> suurep\u00e4raselt nii romantilistesse kui modernsetesse kompositsioonidesse, sulandudes kaunilt pastellide, roheliste lehtede ja looduslike materjalidega.<\/p>\n<p data-start=\"1031\" data-end=\"1191\" data-is-last-node=\"\" data-is-only-node=\"\"><em data-start=\"1031\" data-end=\"1057\">Aasia tulikas Aviv White<\/em> on ideaalne valik neile, kes otsivad kauap\u00fcsivat, elegantset ja kvaliteetset l\u00f5ikelille, mis loob kimpudesse puhta ja ajatu meeleolu.<\/p>","protected":false},"excerpt":{"rendered":"<p>Mugula suurus: 7+<\/p>\n<p>K\u00f5rgus: 30-40 cm<\/p>\n<p>\u00d5itsemisaeg: mai-juuli<\/p>\n<p><em>PS! Soovitatav valida tarne SmartPosti automaati!<\/em><\/p>","protected":false},"featured_media":6106,"template":"","meta":{"om_disable_all_campaigns":false,"_monsterinsights_skip_tracking":false,"_monsterinsights_sitenote_active":false,"_monsterinsights_sitenote_note":"","_monsterinsights_sitenote_category":0},"product_brand":[],"product_cat":[117,118],"product_tag":[],"class_list":{"0":"post-6102","1":"product","2":"type-product","3":"status-publish","4":"has-post-thumbnail","6":"product_cat-kevadlilled","7":"product_cat-aasia-tulikad","9":"first","10":"outofstock","11":"shipping-taxable","12":"purchasable","13":"product-type-variable"},"aioseo_notices":[],"jetpack_sharing_enabled":true,"_links":{"self":[{"href":"https:\/\/sooditalulilled.ee\/en\/wp-json\/wp\/v2\/product\/6102","targetHints":{"allow":["GET"]}}],"collection":[{"href":"https:\/\/sooditalulilled.ee\/en\/wp-json\/wp\/v2\/product"}],"about":[{"href":"https:\/\/sooditalulilled.ee\/en\/wp-json\/wp\/v2\/types\/product"}],"wp:featuredmedia":[{"embeddable":true,"href":"https:\/\/sooditalulilled.ee\/en\/wp-json\/wp\/v2\/media\/6106"}],"wp:attachment":[{"href":"https:\/\/sooditalulilled.ee\/en\/wp-json\/wp\/v2\/media?parent=6102"}],"wp:term":[{"taxonomy":"product_brand","embeddable":true,"href":"https:\/\/sooditalulilled.ee\/en\/wp-json\/wp\/v2\/product_brand?post=6102"},{"taxonomy":"product_cat","embeddable":true,"href":"https:\/\/sooditalulilled.ee\/en\/wp-json\/wp\/v2\/product_cat?post=6102"},{"taxonomy":"product_tag","embeddable":true,"href":"https:\/\/sooditalulilled.ee\/en\/wp-json\/wp\/v2\/product_tag?post=6102"}],"curies":[{"name":"wp","href":"https:\/\/api.w.org\/{rel}","templated":true}]}}