{"id":6115,"date":"2026-02-15T09:05:45","date_gmt":"2026-02-15T09:05:45","guid":{"rendered":"https:\/\/sooditalulilled.ee\/?post_type=product&#038;p=6115"},"modified":"2026-04-04T14:19:43","modified_gmt":"2026-04-04T14:19:43","slug":"hiina-aster-chrisantella-mother-of-pearl","status":"publish","type":"product","link":"https:\/\/sooditalulilled.ee\/en\/product\/hiina-aster-chrisantella-mother-of-pearl\/","title":{"rendered":"Hiina Aster &#8216;Chrisantella Mother of Pearl&#8217;"},"content":{"rendered":"<article class=\"text-token-text-primary w-full focus:outline-none [--shadow-height:45px] has-data-writing-block:pointer-events-none has-data-writing-block:-mt-(--shadow-height) has-data-writing-block:pt-(--shadow-height) [&amp;:has([data-writing-block])&gt;*]:pointer-events-auto [content-visibility:auto] supports-[content-visibility:auto]:[contain-intrinsic-size:auto_100lvh] scroll-mt-[calc(var(--header-height)+min(200px,max(70px,20svh)))]\" dir=\"auto\" tabindex=\"-1\" data-turn-id=\"request-68fcca54-b258-832a-84a4-a4292ae4b221-1\" data-testid=\"conversation-turn-446\" data-scroll-anchor=\"true\" data-turn=\"assistant\">\n<div class=\"text-base my-auto mx-auto pb-10 [--thread-content-margin:--spacing(4)] thread-sm:[--thread-content-margin:--spacing(6)] thread-lg:[--thread-content-margin:--spacing(16)] px-(--thread-content-margin)\">\n<div class=\"[--thread-content-max-width:40rem] thread-lg:[--thread-content-max-width:48rem] mx-auto max-w-(--thread-content-max-width) flex-1 group\/turn-messages focus-visible:outline-hidden relative flex w-full min-w-0 flex-col agent-turn\" tabindex=\"-1\">\n<div class=\"flex max-w-full flex-col grow\">\n<div class=\"min-h-8 text-message relative flex w-full flex-col items-end gap-2 text-start break-words whitespace-normal [.text-message+&amp;]:mt-1\" dir=\"auto\" data-message-author-role=\"assistant\" data-message-id=\"1c92ffee-651a-41ec-9e16-84e75b566ad9\" data-message-model-slug=\"gpt-5\">\n<div class=\"flex w-full flex-col gap-1 empty:hidden first:pt-[1px]\">\n<div class=\"markdown prose dark:prose-invert w-full break-words light markdown-new-styling\">\n<p data-start=\"0\" data-end=\"334\"><strong data-start=\"0\" data-end=\"71\">Hiina aster <em data-start=\"14\" data-end=\"44\">Chrisantella Mother of Pearl<\/em> (Callistephus chinensis)<\/strong> on \u00f5rn ja romantiline sort, mille suured t\u00e4idlased \u00f5ied helgivad p\u00e4rlmutterjate toonide m\u00e4ngus \u2013 valge, kreemikas ja vaevu aimatav roosakas varjund sulanduvad \u00fcksteiseks nagu hommikune valgus pilvise taeva all. Pehme l\u00e4ige annab \u00f5iele luksusliku ja \u00f5hulise ilme.<\/p>\n<p data-start=\"336\" data-end=\"678\">\u2018Mother of Pearl\u2019 m\u00f5jub eriliselt elegantselt nii peenras kui vaasis \u2013 rahulik, hele ja ajatu. Tihedad kroonlehed moodustavad korrap\u00e4rase t\u00e4hekujulise \u00f5ie, mille siidine tekstuur p\u00fc\u00fcab pilku ilma liialt domineerimata. Sobib suurep\u00e4raselt pulmakimpudesse, heledatesse ja pastelltoonidesse seadetesse ning minimalistlikesse kompositsioonidesse.<\/p>\n<p data-start=\"680\" data-end=\"859\">Taim kasvatab tugevad, sirged varred ja haruneb h\u00e4sti, andes rikkalikult l\u00f5ike\u00f5isi kogu suve jooksul. Vaasis p\u00fcsib kaua v\u00e4rske, s\u00e4ilitades oma pehme v\u00e4rvigamma ja elegantse vormi.<\/p>\n<p data-start=\"861\" data-end=\"970\">Peenral lisab see sort istutusalale helgust ja rahulikku tasakaalu, justkui kerge valguslaik roheluse keskel.<\/p>\n<p data-start=\"972\" data-end=\"1148\" data-is-last-node=\"\" data-is-only-node=\"\">K\u00fclmalt peen ja ajatult kaunis \u2013 <em data-start=\"1005\" data-end=\"1035\">Chrisantella Mother of Pearl<\/em> on ideaalne valik neile, kes otsivad \u00f5rna, helget ja luksusliku olemusega l\u00f5ikelille romantilistesse kimpudesse.<\/p>\n<\/div>\n<p data-start=\"875\" data-end=\"1008\" data-is-last-node=\"\" data-is-only-node=\"\">\n<\/div>\n<\/div>\n<\/div>\n<\/div>\n<\/div>\n<\/article>\n<p><span style=\"text-decoration: underline;\">KASVATAMINE\u00a0<em>(soovituslik)<\/em>:<\/span><\/p>\n<p>Ettekasvatus: k\u00fclva seemned 6-8 n\u00e4dalat enne \u00f5ue istutamist. Taimed istuta \u00f5ue, kui \u00f6\u00f6k\u00fclma oht on m\u00f6\u00f6das.<\/p>\n<p>\u00c4ra kata k\u00fclvi mullaga \u2013 seemned vajavad idanemiseks valgust. V\u00f5imalusel kata k\u00fclv \u00f5rna vermikuliidikihiga.<\/p>\n<p>T\u00e4iskasvanud astri taimed kannatavad kuni -6 kraadist k\u00fclma, kuid noortele taimedele v\u00f5ib \u00f6\u00f6k\u00fclm teha liiga ning kasv v\u00f5ib pidurduda.<\/p>\n<p>Latva ei ole vaja n\u00e4pistada \u2013 astrid hargnevad iseseisvalt.<\/p>\n<p>L\u00f5ika lilled vaasi panekuks, kui \u00f5ied on pooleldi avanenud.<\/p>","protected":false},"excerpt":{"rendered":"<p><em>Callistephus chinensis<\/em><\/p>\n<p>Taime k\u00f5rgus: kuni 80 cm<\/p>\n<p>\u00d5ie l\u00e4bim\u00f5\u00f5t: 12-15cm<\/p>\n<p>Idanemine: 7-10 p\u00e4eva, 20-22C juures<\/p>\n<p>K\u00fclvist \u00f5itsemiseni: 110-120 p\u00e4eva<\/p>\n<p>Vaasiiga: 7-10 p\u00e4eva<\/p>","protected":false},"featured_media":6117,"template":"","meta":{"om_disable_all_campaigns":false,"_monsterinsights_skip_tracking":false,"_monsterinsights_sitenote_active":false,"_monsterinsights_sitenote_note":"","_monsterinsights_sitenote_category":0},"product_brand":[],"product_cat":[22],"product_tag":[25,23,24],"class_list":{"0":"post-6115","1":"product","2":"type-product","3":"status-publish","4":"has-post-thumbnail","6":"product_cat-hiina-astrid","7":"product_tag-aster","8":"product_tag-hiina-aster","9":"product_tag-lady-coral","11":"first","12":"instock","13":"shipping-taxable","14":"purchasable","15":"product-type-variable"},"aioseo_notices":[],"jetpack_sharing_enabled":true,"_links":{"self":[{"href":"https:\/\/sooditalulilled.ee\/en\/wp-json\/wp\/v2\/product\/6115","targetHints":{"allow":["GET"]}}],"collection":[{"href":"https:\/\/sooditalulilled.ee\/en\/wp-json\/wp\/v2\/product"}],"about":[{"href":"https:\/\/sooditalulilled.ee\/en\/wp-json\/wp\/v2\/types\/product"}],"wp:featuredmedia":[{"embeddable":true,"href":"https:\/\/sooditalulilled.ee\/en\/wp-json\/wp\/v2\/media\/6117"}],"wp:attachment":[{"href":"https:\/\/sooditalulilled.ee\/en\/wp-json\/wp\/v2\/media?parent=6115"}],"wp:term":[{"taxonomy":"product_brand","embeddable":true,"href":"https:\/\/sooditalulilled.ee\/en\/wp-json\/wp\/v2\/product_brand?post=6115"},{"taxonomy":"product_cat","embeddable":true,"href":"https:\/\/sooditalulilled.ee\/en\/wp-json\/wp\/v2\/product_cat?post=6115"},{"taxonomy":"product_tag","embeddable":true,"href":"https:\/\/sooditalulilled.ee\/en\/wp-json\/wp\/v2\/product_tag?post=6115"}],"curies":[{"name":"wp","href":"https:\/\/api.w.org\/{rel}","templated":true}]}}