{"id":6367,"date":"2026-03-28T16:41:50","date_gmt":"2026-03-28T16:41:50","guid":{"rendered":"https:\/\/sooditalulilled.ee\/?post_type=product&#038;p=6367"},"modified":"2026-04-02T18:29:33","modified_gmt":"2026-04-02T18:29:33","slug":"loviloug-snapstar-champagne-grupp-1-2","status":"publish","type":"product","link":"https:\/\/sooditalulilled.ee\/en\/product\/loviloug-snapstar-champagne-grupp-1-2\/","title":{"rendered":"Noortaim: L\u00f5vil\u00f5ug &#8216;Snapstar Champagne&#8217;, Grupp 1-2"},"content":{"rendered":"<p data-start=\"131\" data-end=\"434\"><strong data-start=\"131\" data-end=\"184\">L\u00f5vil\u00f5ug \u2018Snapstar Champagne\u2019<em> (Antirrhinum majus)<\/em><\/strong> on \u00f5rn ja \u0161ikk suvelill, mille pehmed virsiku- ja \u0161ampanjatoonid toovad aeda maheda, luksusliku valguse. Tema \u00f5isikud on t\u00e4is lopsakaid, siidiselt helkivaid \u00f5isi, mis avanevad \u00fcksteise j\u00e4rel ja moodustavad graatsilise v\u00e4rvitulba kogu suve jooksul.<\/p>\n<p data-start=\"436\" data-end=\"688\">\u2018Snapstar Champagne\u2019 sobib suurep\u00e4raselt l\u00f5ikelilleks \u2013 tugevad varred, kaunid pastelsed toonid ja pikk vaasielu teevad temast lemmiku nii aianduses kui ka floristikas. Taim \u00f5itseb rikkalikult ja lisab peenrale romantilist, kuid samas kaasaegset ilu. Ideaalne valik neile, kes hindavad mahedaid toone ja elegantset lihtsust \u2013 t\u00f5eline suveklassika, mis ei l\u00e4he kunagi moest.<\/p>\n<p>&nbsp;<\/p>","protected":false},"excerpt":{"rendered":"<p class=\"lk7499ae_ProductDetail_productDetailLatinName\"><em>Antirrhinum majus<\/em><\/p>\n<p>Taime k\u00f5rgus:\u00a0 60-100 cm<\/p>\n<p>Idanemine:\u00a0 4-12 p\u00e4eva, 18-22C juures<\/p>\n<p>K\u00fclvist \u00f5itsemiseni: ~110-120 p\u00e4eva<\/p>\n<p>Vaasiiga: 7-10 p\u00e4eva<\/p>","protected":false},"featured_media":6163,"template":"","meta":{"om_disable_all_campaigns":false,"_monsterinsights_skip_tracking":false,"_monsterinsights_sitenote_active":false,"_monsterinsights_sitenote_note":"","_monsterinsights_sitenote_category":0},"product_brand":[],"product_cat":[196],"product_tag":[40,46,37,38,45],"class_list":{"0":"post-6367","1":"product","2":"type-product","3":"status-publish","4":"has-post-thumbnail","6":"product_cat-noortaimed","7":"product_tag-antirrhinum-majus","8":"product_tag-champagne","9":"product_tag-loviloug","10":"product_tag-snapdragon","11":"product_tag-snapstar","13":"first","14":"outofstock","15":"shipping-taxable","16":"product-type-variable"},"aioseo_notices":[],"jetpack_sharing_enabled":true,"_links":{"self":[{"href":"https:\/\/sooditalulilled.ee\/en\/wp-json\/wp\/v2\/product\/6367","targetHints":{"allow":["GET"]}}],"collection":[{"href":"https:\/\/sooditalulilled.ee\/en\/wp-json\/wp\/v2\/product"}],"about":[{"href":"https:\/\/sooditalulilled.ee\/en\/wp-json\/wp\/v2\/types\/product"}],"wp:featuredmedia":[{"embeddable":true,"href":"https:\/\/sooditalulilled.ee\/en\/wp-json\/wp\/v2\/media\/6163"}],"wp:attachment":[{"href":"https:\/\/sooditalulilled.ee\/en\/wp-json\/wp\/v2\/media?parent=6367"}],"wp:term":[{"taxonomy":"product_brand","embeddable":true,"href":"https:\/\/sooditalulilled.ee\/en\/wp-json\/wp\/v2\/product_brand?post=6367"},{"taxonomy":"product_cat","embeddable":true,"href":"https:\/\/sooditalulilled.ee\/en\/wp-json\/wp\/v2\/product_cat?post=6367"},{"taxonomy":"product_tag","embeddable":true,"href":"https:\/\/sooditalulilled.ee\/en\/wp-json\/wp\/v2\/product_tag?post=6367"}],"curies":[{"name":"wp","href":"https:\/\/api.w.org\/{rel}","templated":true}]}}